{"id":128,"date":"2021-01-17T15:32:42","date_gmt":"2021-01-17T15:32:42","guid":{"rendered":"http:\/\/avironlyon.com\/?page_id=128"},"modified":"2021-02-20T14:41:54","modified_gmt":"2021-02-20T14:41:54","slug":"entreprises","status":"publish","type":"page","link":"https:\/\/avironlyon.com\/?page_id=128","title":{"rendered":"Entreprise"},"content":{"rendered":"<p><div class=\"fusion-fullwidth fullwidth-box fusion-builder-row-1 fusion-flex-container nonhundred-percent-fullwidth non-hundred-percent-height-scrolling\" style=\"--awb-border-radius-top-left:0px;--awb-border-radius-top-right:0px;--awb-border-radius-bottom-right:0px;--awb-border-radius-bottom-left:0px;--awb-flex-wrap:wrap;\" ><div class=\"fusion-builder-row fusion-row fusion-flex-align-items-flex-start fusion-flex-content-wrap\" style=\"max-width:1248px;margin-left: calc(-4% \/ 2 );margin-right: calc(-4% \/ 2 );\"><div class=\"fusion-layout-column fusion_builder_column fusion-builder-column-0 fusion_builder_column_1_1 1_1 fusion-flex-column\" style=\"--awb-bg-size:cover;--awb-width-large:100%;--awb-margin-top-large:0px;--awb-spacing-right-large:1.92%;--awb-margin-bottom-large:20px;--awb-spacing-left-large:1.92%;--awb-width-medium:100%;--awb-order-medium:0;--awb-spacing-right-medium:1.92%;--awb-spacing-left-medium:1.92%;--awb-width-small:100%;--awb-order-small:0;--awb-spacing-right-small:1.92%;--awb-spacing-left-small:1.92%;\"><div class=\"fusion-column-wrapper fusion-column-has-shadow fusion-flex-justify-content-flex-start fusion-content-layout-column\"><div class=\"fusion-text fusion-text-1 fusion-animated\" style=\"--awb-content-alignment:center;\" data-animationType=\"slideInLeft\" data-animationDuration=\"1.5\" data-animationOffset=\"top-into-view\"><blockquote>\n<p><strong>L\u2019aviron est Le sport de coh\u00e9sion par excellence. <\/strong>Cette activit\u00e9 sportive permet de renforcer l\u2019esprit d\u2019\u00e9quipe et de coh\u00e9sion vers un objectif commun.<\/p>\n<\/blockquote>\n<\/div><\/div><\/div><div class=\"fusion-layout-column fusion_builder_column fusion-builder-column-1 fusion_builder_column_1_1 1_1 fusion-flex-column\" style=\"--awb-bg-size:cover;--awb-width-large:100%;--awb-margin-top-large:0px;--awb-spacing-right-large:1.92%;--awb-margin-bottom-large:20px;--awb-spacing-left-large:1.92%;--awb-width-medium:100%;--awb-order-medium:0;--awb-spacing-right-medium:1.92%;--awb-spacing-left-medium:1.92%;--awb-width-small:100%;--awb-order-small:0;--awb-spacing-right-small:1.92%;--awb-spacing-left-small:1.92%;\"><div class=\"fusion-column-wrapper fusion-column-has-shadow fusion-flex-justify-content-flex-start fusion-content-layout-column\"><div class=\"fusion-text fusion-text-2\"><p>Apr\u00e8s une partie de familiarisation avec le bateau et la technique de l\u2019aviron, des petites courses peuvent amener les \u00e9quipes \u00e0 se challenger sur l\u2019eau pour <strong>f\u00e9d\u00e9rer une dynamique autour d\u2019un projet convivial. <\/strong>Point d\u2019orgue du Challenge, la remise de m\u00e9dailles aux vainqueurs clos le volet sportif pour ouvrir le volet festif de la manifestation.<\/p>\n<p>Le CAL est aussi en mesure de proposer, parall\u00e8lement \u00e0 la d\u00e9couverte de l\u2019aviron, un ap\u00e9ritif et un diner dans un espace privil\u00e9gi\u00e9 et dans une \u00ab\u00a0ambiance guinguette des bords de Sa\u00f4ne\u00a0\u00bb.<\/p>\n<p>L\u2019activit\u00e9 sera encadr\u00e9e par des moniteurs dipl\u00f4m\u00e9s de la F\u00e9d\u00e9ration Fran\u00e7aise d\u2019Aviron aid\u00e9s par des b\u00e9n\u00e9voles du CAL.<\/p>\n<p><b>Vous souhaitez nous contacter pour construire un projet de team building <\/b>ou nous adresser une demande devis : <a href=\"mailto:communicationcalyon@wanadoo.fr\">communicationcalyon@wanadoo.fr<\/a><\/p>\n<\/div><\/div><\/div><div class=\"fusion-layout-column fusion_builder_column fusion-builder-column-2 fusion_builder_column_1_1 1_1 fusion-flex-column\" style=\"--awb-padding-right:162px;--awb-padding-left:202px;--awb-bg-size:cover;--awb-width-large:100%;--awb-margin-top-large:0px;--awb-spacing-right-large:4.992%;--awb-margin-bottom-large:20px;--awb-spacing-left-large:1.92%;--awb-width-medium:100%;--awb-order-medium:0;--awb-spacing-right-medium:4.992%;--awb-spacing-left-medium:1.92%;--awb-width-small:100%;--awb-order-small:0;--awb-spacing-right-small:1.92%;--awb-spacing-left-small:1.92%;\"><div class=\"fusion-column-wrapper fusion-column-has-shadow fusion-flex-justify-content-center fusion-content-layout-column\"><div class=\"fusion-separator fusion-full-width-sep\" style=\"align-self: center;margin-left: auto;margin-right: auto;margin-bottom:5px;width:100%;\"><div class=\"fusion-separator-border sep-single sep-solid\" style=\"--awb-height:20px;--awb-amount:20px;--awb-sep-color:#467fdb;border-color:#467fdb;border-top-width:1px;\"><\/div><\/div><\/div><\/div><div class=\"fusion-layout-column fusion_builder_column fusion-builder-column-3 fusion_builder_column_1_2 1_2 fusion-flex-column\" style=\"--awb-bg-size:cover;--awb-width-large:50%;--awb-margin-top-large:0px;--awb-spacing-right-large:3.84%;--awb-margin-bottom-large:20px;--awb-spacing-left-large:3.84%;--awb-width-medium:50%;--awb-order-medium:0;--awb-spacing-right-medium:3.84%;--awb-spacing-left-medium:3.84%;--awb-width-small:100%;--awb-order-small:0;--awb-spacing-right-small:1.92%;--awb-spacing-left-small:1.92%;\"><div class=\"fusion-column-wrapper fusion-column-has-shadow fusion-flex-justify-content-flex-start fusion-content-layout-column\"><div class=\"fusion-counters-circle counters-circle\" data-animationOffset=\"bottom-in-view\"><div class=\"counter-circle-wrapper\" style=\"--awb-font-size:48.409090909091px;--awb-size:213px;\" data-originalsize=\"213\"><div class=\"fusion-counter-circle counter-circle counter-circle-content\" data-percent=\"100\" data-countdown=\"\" data-filledcolor=\"rgba(24,68,135,0.75)\" data-unfilledcolor=\"rgba(246,246,246,1)\" data-scale=\"\" data-size=\"213\" data-speed=\"1500\" data-strokesize=\"10.65\"><div class=\"fusion-counter-circle-content-inner\">EQUIPE 100%<\/div><\/div><\/div><\/div><\/div><\/div><div class=\"fusion-layout-column fusion_builder_column fusion-builder-column-4 fusion_builder_column_1_2 1_2 fusion-flex-column\" style=\"--awb-bg-size:cover;--awb-width-large:50%;--awb-margin-top-large:5px;--awb-spacing-right-large:3.264%;--awb-margin-bottom-large:13.98864px;--awb-spacing-left-large:3.84%;--awb-width-medium:50%;--awb-order-medium:0;--awb-spacing-right-medium:3.264%;--awb-spacing-left-medium:3.84%;--awb-width-small:100%;--awb-order-small:0;--awb-spacing-right-small:1.92%;--awb-spacing-left-small:1.92%;\"><div class=\"fusion-column-wrapper fusion-column-has-shadow fusion-flex-justify-content-flex-start fusion-content-layout-column\"><div class=\"fusion-image-element \" style=\"--awb-caption-title-font-family:var(--h2_typography-font-family);--awb-caption-title-font-weight:var(--h2_typography-font-weight);--awb-caption-title-font-style:var(--h2_typography-font-style);--awb-caption-title-size:var(--h2_typography-font-size);--awb-caption-title-transform:var(--h2_typography-text-transform);--awb-caption-title-line-height:var(--h2_typography-line-height);--awb-caption-title-letter-spacing:var(--h2_typography-letter-spacing);\"><span class=\" fusion-imageframe imageframe-none imageframe-1 hover-type-none\"><img decoding=\"async\" width=\"800\" height=\"533\" title=\"Aviron_CAL_loisirs_11-min\" src=\"https:\/\/i0.wp.com\/avironlyon.com\/wp-content\/uploads\/2021\/01\/Aviron_CAL_loisirs_11-min.jpg?fit=2560%2C1707&ssl=1\" data-orig-src=\"https:\/\/avironlyon.com\/wp-content\/uploads\/2021\/01\/Aviron_CAL_loisirs_11-min-800x533.jpg\" alt class=\"lazyload img-responsive wp-image-217\" srcset=\"data:image\/svg+xml,%3Csvg%20xmlns%3D%27http%3A%2F%2Fwww.w3.org%2F2000%2Fsvg%27%20width%3D%272560%27%20height%3D%271707%27%20viewBox%3D%270%200%202560%201707%27%3E%3Crect%20width%3D%272560%27%20height%3D%271707%27%20fill-opacity%3D%220%22%2F%3E%3C%2Fsvg%3E\" data-srcset=\"https:\/\/i0.wp.com\/avironlyon.com\/wp-content\/uploads\/2021\/01\/Aviron_CAL_loisirs_11-min.jpg?resize=200%2C133&amp;ssl=1 200w, https:\/\/i0.wp.com\/avironlyon.com\/wp-content\/uploads\/2021\/01\/Aviron_CAL_loisirs_11-min.jpg?resize=300%2C200&amp;ssl=1 300w, https:\/\/i0.wp.com\/avironlyon.com\/wp-content\/uploads\/2021\/01\/Aviron_CAL_loisirs_11-min.jpg?resize=400%2C267&amp;ssl=1 400w, https:\/\/i0.wp.com\/avironlyon.com\/wp-content\/uploads\/2021\/01\/Aviron_CAL_loisirs_11-min.jpg?resize=600%2C400&amp;ssl=1 600w, https:\/\/i0.wp.com\/avironlyon.com\/wp-content\/uploads\/2021\/01\/Aviron_CAL_loisirs_11-min.jpg?resize=768%2C512&amp;ssl=1 768w, https:\/\/i0.wp.com\/avironlyon.com\/wp-content\/uploads\/2021\/01\/Aviron_CAL_loisirs_11-min.jpg?resize=800%2C533&amp;ssl=1 800w, https:\/\/i0.wp.com\/avironlyon.com\/wp-content\/uploads\/2021\/01\/Aviron_CAL_loisirs_11-min.jpg?resize=1024%2C683&amp;ssl=1 1024w, https:\/\/i0.wp.com\/avironlyon.com\/wp-content\/uploads\/2021\/01\/Aviron_CAL_loisirs_11-min.jpg?resize=1200%2C800&amp;ssl=1 1200w, https:\/\/i0.wp.com\/avironlyon.com\/wp-content\/uploads\/2021\/01\/Aviron_CAL_loisirs_11-min.jpg?resize=1536%2C1024&amp;ssl=1 1536w, https:\/\/i0.wp.com\/avironlyon.com\/wp-content\/uploads\/2021\/01\/Aviron_CAL_loisirs_11-min.jpg?w=2400&amp;ssl=1 2400w, https:\/\/i0.wp.com\/avironlyon.com\/wp-content\/uploads\/2021\/01\/Aviron_CAL_loisirs_11-min.jpg?fit=2560%2C1707&amp;ssl=1 2560w\" data-sizes=\"auto\" data-orig-sizes=\"(max-width: 640px) 100vw, 600px\" \/><\/span><\/div><\/div><\/div><\/div><\/div><div class=\"fusion-fullwidth fullwidth-box fusion-builder-row-2 fusion-flex-container nonhundred-percent-fullwidth non-hundred-percent-height-scrolling\" style=\"--awb-border-radius-top-left:0px;--awb-border-radius-top-right:0px;--awb-border-radius-bottom-right:0px;--awb-border-radius-bottom-left:0px;--awb-flex-wrap:wrap;\" ><div class=\"fusion-builder-row fusion-row fusion-flex-align-items-flex-start fusion-flex-content-wrap\" style=\"max-width:1248px;margin-left: calc(-4% \/ 2 );margin-right: calc(-4% \/ 2 );\"><div class=\"fusion-layout-column fusion_builder_column fusion-builder-column-5 fusion_builder_column_1_2 1_2 fusion-flex-column\" style=\"--awb-bg-size:cover;--awb-width-large:50%;--awb-margin-top-large:0px;--awb-spacing-right-large:3.84%;--awb-margin-bottom-large:20px;--awb-spacing-left-large:3.84%;--awb-width-medium:50%;--awb-order-medium:0;--awb-spacing-right-medium:3.84%;--awb-spacing-left-medium:3.84%;--awb-width-small:100%;--awb-order-small:0;--awb-spacing-right-small:1.92%;--awb-spacing-left-small:1.92%;\"><div class=\"fusion-column-wrapper fusion-column-has-shadow fusion-flex-justify-content-flex-start fusion-content-layout-column\"><div class=\"fusion-image-element \" style=\"--awb-caption-title-font-family:var(--h2_typography-font-family);--awb-caption-title-font-weight:var(--h2_typography-font-weight);--awb-caption-title-font-style:var(--h2_typography-font-style);--awb-caption-title-size:var(--h2_typography-font-size);--awb-caption-title-transform:var(--h2_typography-text-transform);--awb-caption-title-line-height:var(--h2_typography-line-height);--awb-caption-title-letter-spacing:var(--h2_typography-letter-spacing);\"><span class=\" fusion-imageframe imageframe-none imageframe-2 hover-type-none\"><img decoding=\"async\" width=\"2545\" height=\"1663\" title=\"Cercle Aviron de Lyon\" src=\"https:\/\/i0.wp.com\/avironlyon.com\/wp-content\/uploads\/2021\/01\/Aviron_CAL_debuter_aviron_12.jpg?fit=2545%2C1663&ssl=1\" data-orig-src=\"https:\/\/avironlyon.com\/wp-content\/uploads\/2021\/01\/Aviron_CAL_debuter_aviron_12.jpg\" alt class=\"lazyload img-responsive wp-image-246\" srcset=\"data:image\/svg+xml,%3Csvg%20xmlns%3D%27http%3A%2F%2Fwww.w3.org%2F2000%2Fsvg%27%20width%3D%272545%27%20height%3D%271663%27%20viewBox%3D%270%200%202545%201663%27%3E%3Crect%20width%3D%272545%27%20height%3D%271663%27%20fill-opacity%3D%220%22%2F%3E%3C%2Fsvg%3E\" data-srcset=\"https:\/\/i0.wp.com\/avironlyon.com\/wp-content\/uploads\/2021\/01\/Aviron_CAL_debuter_aviron_12.jpg?resize=200%2C131&amp;ssl=1 200w, https:\/\/i0.wp.com\/avironlyon.com\/wp-content\/uploads\/2021\/01\/Aviron_CAL_debuter_aviron_12.jpg?resize=300%2C196&amp;ssl=1 300w, https:\/\/i0.wp.com\/avironlyon.com\/wp-content\/uploads\/2021\/01\/Aviron_CAL_debuter_aviron_12.jpg?resize=400%2C261&amp;ssl=1 400w, https:\/\/i0.wp.com\/avironlyon.com\/wp-content\/uploads\/2021\/01\/Aviron_CAL_debuter_aviron_12.jpg?resize=600%2C392&amp;ssl=1 600w, https:\/\/i0.wp.com\/avironlyon.com\/wp-content\/uploads\/2021\/01\/Aviron_CAL_debuter_aviron_12.jpg?resize=768%2C502&amp;ssl=1 768w, https:\/\/i0.wp.com\/avironlyon.com\/wp-content\/uploads\/2021\/01\/Aviron_CAL_debuter_aviron_12.jpg?resize=800%2C523&amp;ssl=1 800w, https:\/\/i0.wp.com\/avironlyon.com\/wp-content\/uploads\/2021\/01\/Aviron_CAL_debuter_aviron_12.jpg?resize=1024%2C669&amp;ssl=1 1024w, https:\/\/i0.wp.com\/avironlyon.com\/wp-content\/uploads\/2021\/01\/Aviron_CAL_debuter_aviron_12.jpg?resize=1200%2C784&amp;ssl=1 1200w, https:\/\/i0.wp.com\/avironlyon.com\/wp-content\/uploads\/2021\/01\/Aviron_CAL_debuter_aviron_12.jpg?resize=1536%2C1004&amp;ssl=1 1536w, https:\/\/i0.wp.com\/avironlyon.com\/wp-content\/uploads\/2021\/01\/Aviron_CAL_debuter_aviron_12.jpg?w=2400&amp;ssl=1 2400w, https:\/\/i0.wp.com\/avironlyon.com\/wp-content\/uploads\/2021\/01\/Aviron_CAL_debuter_aviron_12.jpg?fit=2545%2C1663&amp;ssl=1 2545w\" data-sizes=\"auto\" data-orig-sizes=\"(max-width: 640px) 100vw, 600px\" \/><\/span><\/div><\/div><\/div><div class=\"fusion-layout-column fusion_builder_column fusion-builder-column-6 fusion_builder_column_1_2 1_2 fusion-flex-column\" style=\"--awb-bg-size:cover;--awb-width-large:50%;--awb-margin-top-large:0px;--awb-spacing-right-large:3.84%;--awb-margin-bottom-large:20px;--awb-spacing-left-large:3.84%;--awb-width-medium:50%;--awb-order-medium:0;--awb-spacing-right-medium:3.84%;--awb-spacing-left-medium:3.84%;--awb-width-small:100%;--awb-order-small:0;--awb-spacing-right-small:1.92%;--awb-spacing-left-small:1.92%;\"><div class=\"fusion-column-wrapper fusion-column-has-shadow fusion-flex-justify-content-flex-start fusion-content-layout-column\"><div class=\"fusion-image-element \" style=\"--awb-caption-title-font-family:var(--h2_typography-font-family);--awb-caption-title-font-weight:var(--h2_typography-font-weight);--awb-caption-title-font-style:var(--h2_typography-font-style);--awb-caption-title-size:var(--h2_typography-font-size);--awb-caption-title-transform:var(--h2_typography-text-transform);--awb-caption-title-line-height:var(--h2_typography-line-height);--awb-caption-title-letter-spacing:var(--h2_typography-letter-spacing);\"><span class=\" fusion-imageframe imageframe-none imageframe-3 hover-type-none\"><img decoding=\"async\" width=\"2549\" height=\"1686\" alt=\"Cercle Aviron Lyon entreprise\" title=\"CALyon Training 01.09.19\" src=\"https:\/\/i0.wp.com\/avironlyon.com\/wp-content\/uploads\/2021\/01\/Aviron_CAL_debuter_aviron_8.jpg?fit=2549%2C1686&ssl=1\" data-orig-src=\"https:\/\/avironlyon.com\/wp-content\/uploads\/2021\/01\/Aviron_CAL_debuter_aviron_8.jpg\" class=\"lazyload img-responsive wp-image-280\" srcset=\"data:image\/svg+xml,%3Csvg%20xmlns%3D%27http%3A%2F%2Fwww.w3.org%2F2000%2Fsvg%27%20width%3D%272549%27%20height%3D%271686%27%20viewBox%3D%270%200%202549%201686%27%3E%3Crect%20width%3D%272549%27%20height%3D%271686%27%20fill-opacity%3D%220%22%2F%3E%3C%2Fsvg%3E\" data-srcset=\"https:\/\/i0.wp.com\/avironlyon.com\/wp-content\/uploads\/2021\/01\/Aviron_CAL_debuter_aviron_8.jpg?resize=200%2C132&amp;ssl=1 200w, https:\/\/i0.wp.com\/avironlyon.com\/wp-content\/uploads\/2021\/01\/Aviron_CAL_debuter_aviron_8.jpg?resize=300%2C198&amp;ssl=1 300w, https:\/\/i0.wp.com\/avironlyon.com\/wp-content\/uploads\/2021\/01\/Aviron_CAL_debuter_aviron_8.jpg?resize=400%2C265&amp;ssl=1 400w, https:\/\/i0.wp.com\/avironlyon.com\/wp-content\/uploads\/2021\/01\/Aviron_CAL_debuter_aviron_8.jpg?resize=600%2C397&amp;ssl=1 600w, https:\/\/i0.wp.com\/avironlyon.com\/wp-content\/uploads\/2021\/01\/Aviron_CAL_debuter_aviron_8.jpg?resize=768%2C508&amp;ssl=1 768w, https:\/\/i0.wp.com\/avironlyon.com\/wp-content\/uploads\/2021\/01\/Aviron_CAL_debuter_aviron_8.jpg?resize=800%2C529&amp;ssl=1 800w, https:\/\/i0.wp.com\/avironlyon.com\/wp-content\/uploads\/2021\/01\/Aviron_CAL_debuter_aviron_8.jpg?resize=1024%2C677&amp;ssl=1 1024w, https:\/\/i0.wp.com\/avironlyon.com\/wp-content\/uploads\/2021\/01\/Aviron_CAL_debuter_aviron_8.jpg?resize=1200%2C794&amp;ssl=1 1200w, https:\/\/i0.wp.com\/avironlyon.com\/wp-content\/uploads\/2021\/01\/Aviron_CAL_debuter_aviron_8.jpg?resize=1536%2C1016&amp;ssl=1 1536w, https:\/\/i0.wp.com\/avironlyon.com\/wp-content\/uploads\/2021\/01\/Aviron_CAL_debuter_aviron_8.jpg?w=2400&amp;ssl=1 2400w, https:\/\/i0.wp.com\/avironlyon.com\/wp-content\/uploads\/2021\/01\/Aviron_CAL_debuter_aviron_8.jpg?fit=2549%2C1686&amp;ssl=1 2549w\" data-sizes=\"auto\" data-orig-sizes=\"(max-width: 640px) 100vw, 600px\" \/><\/span><\/div><\/div><\/div><\/div><\/div><\/p>\n","protected":false},"excerpt":{"rendered":"","protected":false},"author":1,"featured_media":0,"parent":0,"menu_order":0,"comment_status":"closed","ping_status":"closed","template":"","meta":{"footnotes":""},"class_list":["post-128","page","type-page","status-publish","hentry"],"yoast_head":"<!-- This site is optimized with the Yoast SEO plugin v27.3 - https:\/\/yoast.com\/product\/yoast-seo-wordpress\/ -->\n<title>Entreprise - AvironLyon<\/title>\n<meta name=\"robots\" content=\"index, follow, max-snippet:-1, max-image-preview:large, max-video-preview:-1\" \/>\n<link rel=\"canonical\" href=\"https:\/\/avironlyon.com\/?page_id=128\" \/>\n<meta property=\"og:locale\" content=\"fr_FR\" \/>\n<meta property=\"og:type\" content=\"article\" \/>\n<meta property=\"og:title\" content=\"Entreprise - AvironLyon\" \/>\n<meta property=\"og:url\" content=\"https:\/\/avironlyon.com\/?page_id=128\" \/>\n<meta property=\"og:site_name\" content=\"AvironLyon\" \/>\n<meta property=\"article:publisher\" content=\"https:\/\/www.facebook.com\/CercleAvironLyon\/?locale=fr_FR\" \/>\n<meta property=\"article:modified_time\" content=\"2021-02-20T14:41:54+00:00\" \/>\n<meta name=\"twitter:card\" content=\"summary_large_image\" \/>\n<meta name=\"twitter:site\" content=\"@CercleAvironL\" \/>\n<meta name=\"twitter:label1\" content=\"Dur\u00e9e de lecture estim\u00e9e\" \/>\n\t<meta name=\"twitter:data1\" content=\"13 minutes\" \/>\n<script type=\"application\/ld+json\" class=\"yoast-schema-graph\">{\"@context\":\"https:\\\/\\\/schema.org\",\"@graph\":[{\"@type\":\"WebPage\",\"@id\":\"https:\\\/\\\/avironlyon.com\\\/?page_id=128\",\"url\":\"https:\\\/\\\/avironlyon.com\\\/?page_id=128\",\"name\":\"Entreprise - AvironLyon\",\"isPartOf\":{\"@id\":\"https:\\\/\\\/avironlyon.com\\\/#website\"},\"datePublished\":\"2021-01-17T15:32:42+00:00\",\"dateModified\":\"2021-02-20T14:41:54+00:00\",\"breadcrumb\":{\"@id\":\"https:\\\/\\\/avironlyon.com\\\/?page_id=128#breadcrumb\"},\"inLanguage\":\"fr-FR\",\"potentialAction\":[{\"@type\":\"ReadAction\",\"target\":[\"https:\\\/\\\/avironlyon.com\\\/?page_id=128\"]}]},{\"@type\":\"BreadcrumbList\",\"@id\":\"https:\\\/\\\/avironlyon.com\\\/?page_id=128#breadcrumb\",\"itemListElement\":[{\"@type\":\"ListItem\",\"position\":1,\"name\":\"Accueil\",\"item\":\"https:\\\/\\\/avironlyon.com\\\/\"},{\"@type\":\"ListItem\",\"position\":2,\"name\":\"Entreprise\"}]},{\"@type\":\"WebSite\",\"@id\":\"https:\\\/\\\/avironlyon.com\\\/#website\",\"url\":\"https:\\\/\\\/avironlyon.com\\\/\",\"name\":\"AvironLyon\",\"description\":\"Cercle de l&#039;Aviron de Lyon 130 ans de performance sportive\",\"publisher\":{\"@id\":\"https:\\\/\\\/avironlyon.com\\\/#organization\"},\"potentialAction\":[{\"@type\":\"SearchAction\",\"target\":{\"@type\":\"EntryPoint\",\"urlTemplate\":\"https:\\\/\\\/avironlyon.com\\\/?s={search_term_string}\"},\"query-input\":{\"@type\":\"PropertyValueSpecification\",\"valueRequired\":true,\"valueName\":\"search_term_string\"}}],\"inLanguage\":\"fr-FR\"},{\"@type\":\"Organization\",\"@id\":\"https:\\\/\\\/avironlyon.com\\\/#organization\",\"name\":\"AvironLyon\",\"url\":\"https:\\\/\\\/avironlyon.com\\\/\",\"logo\":{\"@type\":\"ImageObject\",\"inLanguage\":\"fr-FR\",\"@id\":\"https:\\\/\\\/avironlyon.com\\\/#\\\/schema\\\/logo\\\/image\\\/\",\"url\":\"https:\\\/\\\/i0.wp.com\\\/avironlyon.com\\\/wp-content\\\/uploads\\\/2020\\\/12\\\/cropped-cropped-Cal-1.jpg?fit=225%2C225&ssl=1\",\"contentUrl\":\"https:\\\/\\\/i0.wp.com\\\/avironlyon.com\\\/wp-content\\\/uploads\\\/2020\\\/12\\\/cropped-cropped-Cal-1.jpg?fit=225%2C225&ssl=1\",\"width\":225,\"height\":225,\"caption\":\"AvironLyon\"},\"image\":{\"@id\":\"https:\\\/\\\/avironlyon.com\\\/#\\\/schema\\\/logo\\\/image\\\/\"},\"sameAs\":[\"https:\\\/\\\/www.facebook.com\\\/CercleAvironLyon\\\/?locale=fr_FR\",\"https:\\\/\\\/x.com\\\/CercleAvironL\",\"https:\\\/\\\/www.linkedin.com\\\/company\\\/72705689\\\/admin\\\/feed\\\/posts\\\/\",\"https:\\\/\\\/www.instagram.com\\\/cercle_aviron_lyon\\\/?hl=fr\",\"https:\\\/\\\/fr.wikipedia.org\\\/wiki\\\/Cercle_de_laviron_de_Lyon\"]}]}<\/script>\n<!-- \/ Yoast SEO plugin. -->","yoast_head_json":{"title":"Entreprise - AvironLyon","robots":{"index":"index","follow":"follow","max-snippet":"max-snippet:-1","max-image-preview":"max-image-preview:large","max-video-preview":"max-video-preview:-1"},"canonical":"https:\/\/avironlyon.com\/?page_id=128","og_locale":"fr_FR","og_type":"article","og_title":"Entreprise - AvironLyon","og_url":"https:\/\/avironlyon.com\/?page_id=128","og_site_name":"AvironLyon","article_publisher":"https:\/\/www.facebook.com\/CercleAvironLyon\/?locale=fr_FR","article_modified_time":"2021-02-20T14:41:54+00:00","twitter_card":"summary_large_image","twitter_site":"@CercleAvironL","twitter_misc":{"Dur\u00e9e de lecture estim\u00e9e":"13 minutes"},"schema":{"@context":"https:\/\/schema.org","@graph":[{"@type":"WebPage","@id":"https:\/\/avironlyon.com\/?page_id=128","url":"https:\/\/avironlyon.com\/?page_id=128","name":"Entreprise - AvironLyon","isPartOf":{"@id":"https:\/\/avironlyon.com\/#website"},"datePublished":"2021-01-17T15:32:42+00:00","dateModified":"2021-02-20T14:41:54+00:00","breadcrumb":{"@id":"https:\/\/avironlyon.com\/?page_id=128#breadcrumb"},"inLanguage":"fr-FR","potentialAction":[{"@type":"ReadAction","target":["https:\/\/avironlyon.com\/?page_id=128"]}]},{"@type":"BreadcrumbList","@id":"https:\/\/avironlyon.com\/?page_id=128#breadcrumb","itemListElement":[{"@type":"ListItem","position":1,"name":"Accueil","item":"https:\/\/avironlyon.com\/"},{"@type":"ListItem","position":2,"name":"Entreprise"}]},{"@type":"WebSite","@id":"https:\/\/avironlyon.com\/#website","url":"https:\/\/avironlyon.com\/","name":"AvironLyon","description":"Cercle de l&#039;Aviron de Lyon 130 ans de performance sportive","publisher":{"@id":"https:\/\/avironlyon.com\/#organization"},"potentialAction":[{"@type":"SearchAction","target":{"@type":"EntryPoint","urlTemplate":"https:\/\/avironlyon.com\/?s={search_term_string}"},"query-input":{"@type":"PropertyValueSpecification","valueRequired":true,"valueName":"search_term_string"}}],"inLanguage":"fr-FR"},{"@type":"Organization","@id":"https:\/\/avironlyon.com\/#organization","name":"AvironLyon","url":"https:\/\/avironlyon.com\/","logo":{"@type":"ImageObject","inLanguage":"fr-FR","@id":"https:\/\/avironlyon.com\/#\/schema\/logo\/image\/","url":"https:\/\/i0.wp.com\/avironlyon.com\/wp-content\/uploads\/2020\/12\/cropped-cropped-Cal-1.jpg?fit=225%2C225&ssl=1","contentUrl":"https:\/\/i0.wp.com\/avironlyon.com\/wp-content\/uploads\/2020\/12\/cropped-cropped-Cal-1.jpg?fit=225%2C225&ssl=1","width":225,"height":225,"caption":"AvironLyon"},"image":{"@id":"https:\/\/avironlyon.com\/#\/schema\/logo\/image\/"},"sameAs":["https:\/\/www.facebook.com\/CercleAvironLyon\/?locale=fr_FR","https:\/\/x.com\/CercleAvironL","https:\/\/www.linkedin.com\/company\/72705689\/admin\/feed\/posts\/","https:\/\/www.instagram.com\/cercle_aviron_lyon\/?hl=fr","https:\/\/fr.wikipedia.org\/wiki\/Cercle_de_laviron_de_Lyon"]}]}},"jetpack_sharing_enabled":true,"_links":{"self":[{"href":"https:\/\/avironlyon.com\/index.php?rest_route=\/wp\/v2\/pages\/128","targetHints":{"allow":["GET"]}}],"collection":[{"href":"https:\/\/avironlyon.com\/index.php?rest_route=\/wp\/v2\/pages"}],"about":[{"href":"https:\/\/avironlyon.com\/index.php?rest_route=\/wp\/v2\/types\/page"}],"author":[{"embeddable":true,"href":"https:\/\/avironlyon.com\/index.php?rest_route=\/wp\/v2\/users\/1"}],"replies":[{"embeddable":true,"href":"https:\/\/avironlyon.com\/index.php?rest_route=%2Fwp%2Fv2%2Fcomments&post=128"}],"version-history":[{"count":19,"href":"https:\/\/avironlyon.com\/index.php?rest_route=\/wp\/v2\/pages\/128\/revisions"}],"predecessor-version":[{"id":1087,"href":"https:\/\/avironlyon.com\/index.php?rest_route=\/wp\/v2\/pages\/128\/revisions\/1087"}],"wp:attachment":[{"href":"https:\/\/avironlyon.com\/index.php?rest_route=%2Fwp%2Fv2%2Fmedia&parent=128"}],"curies":[{"name":"wp","href":"https:\/\/api.w.org\/{rel}","templated":true}]}}