{"id":2030,"date":"2021-12-28T15:00:18","date_gmt":"2021-12-28T15:00:18","guid":{"rendered":"https:\/\/avironlyon.com\/?page_id=2030"},"modified":"2021-12-28T15:00:18","modified_gmt":"2021-12-28T15:00:18","slug":"soutenez-votre-club-le-calyon-needs-you","status":"publish","type":"page","link":"https:\/\/avironlyon.com\/?page_id=2030","title":{"rendered":"Soutenez votre club : Le CALyon NEEDS YOU !"},"content":{"rendered":"<p><a href=\"https:\/\/avironlyon.com\/wp-content\/uploads\/2021\/12\/Dossier-Soutenir-le-CAL-dons-defiscalises.pdf\" target=\"_blank\" rel=\"noopener\">DEFISCALISEZ &amp; AIDEZ VOTRE CLUB !<\/a><\/p>\n<p>L&rsquo;aviron est un sport de passion, un sport de plein air, un sport d&rsquo;engagement. Mais avant tout, c&rsquo;est un sport \u00e0 mat\u00e9riel.<br \/>\nNotre objectif est de pouvoir offrir le meilleur mat\u00e9riel possible POUR TOUS.<br \/>\nSi le club investit d\u00e8s qu&rsquo;il le peut dans du nouveau mat\u00e9riel, nous avons conscience que cela ne suffit pas.<br \/>\nAlors nous nous adressons \u00e0 vous, \u00e0 votre r\u00e9seau, \u00e0 vos id\u00e9es, pour que le Cercle de l&rsquo;Aviron de Lyon puisse continuer \u00e0 \u00e9quiper ses rameurs, comp\u00e9titeurs, jeunes ou loisirs sportifs.<br \/>\nDans ce dossier, vous trouverez ce dont le club a besoin et pourrez, si vous le souhaitez, choisir de nous aider \u00e0<br \/>\nfinancer un projet ou, au moins, \u00e0 diffuser l&rsquo;information autour de vous.<br \/>\nChaque donation au club est d\u00e9fiscalisable \u00e0 hauteur de 66 % pour un particulier et de 60 % pour une entreprise. &#8211; Pour exemple, un don de 100\u20ac au club vous reviendra donc en r\u00e9alit\u00e9 \u00e0 34\u20ac.Et si vous ne pouvez pas nous aider financi\u00e8rement, nous comptons sur vous pour parler de notre club, de nos projets \u00e0 vos amis, coll\u00e8gues, patrons sympas, on ne sait jamais, apr\u00e8s tout c&rsquo;est No\u00ebl.<\/p>\n<p>Les association ont besoin de nous tous, merci pour elles !<\/p>\n<p><a href=\"https:\/\/avironlyon.com\/wp-content\/uploads\/2021\/12\/Dossier-Soutenir-le-CAL-dons-defiscalises.pdf\">Nos besoins en mat\u00e9riels pour toutes les cat\u00e9gories : Dossier Soutenir le CAL dons d\u00e9fiscalis\u00e9s<\/a><\/p>\n","protected":false},"excerpt":{"rendered":"<p>DEFISCALISEZ &amp; AIDEZ VOTRE CLUB ! L&rsquo;aviron est un sport  [&#8230;]<\/p>\n","protected":false},"author":1,"featured_media":0,"parent":0,"menu_order":0,"comment_status":"closed","ping_status":"closed","template":"","meta":{"footnotes":""},"class_list":["post-2030","page","type-page","status-publish","hentry"],"yoast_head":"<!-- This site is optimized with the Yoast SEO plugin v27.5 - https:\/\/yoast.com\/product\/yoast-seo-wordpress\/ -->\n<title>Soutenez votre club : Le CALyon NEEDS YOU ! - AvironLyon<\/title>\n<meta name=\"robots\" content=\"index, follow, max-snippet:-1, max-image-preview:large, max-video-preview:-1\" \/>\n<link rel=\"canonical\" href=\"https:\/\/avironlyon.com\/?page_id=2030\" \/>\n<meta property=\"og:locale\" content=\"fr_FR\" \/>\n<meta property=\"og:type\" content=\"article\" \/>\n<meta property=\"og:title\" content=\"Soutenez votre club : Le CALyon NEEDS YOU ! - AvironLyon\" \/>\n<meta property=\"og:description\" content=\"DEFISCALISEZ &amp; AIDEZ VOTRE CLUB ! L&rsquo;aviron est un sport [...]\" \/>\n<meta property=\"og:url\" content=\"https:\/\/avironlyon.com\/?page_id=2030\" \/>\n<meta property=\"og:site_name\" content=\"AvironLyon\" \/>\n<meta property=\"article:publisher\" content=\"https:\/\/www.facebook.com\/CercleAvironLyon\/?locale=fr_FR\" \/>\n<meta name=\"twitter:card\" content=\"summary_large_image\" \/>\n<meta name=\"twitter:site\" content=\"@CercleAvironL\" \/>\n<meta name=\"twitter:label1\" content=\"Dur\u00e9e de lecture estim\u00e9e\" \/>\n\t<meta name=\"twitter:data1\" content=\"1 minute\" \/>\n<script type=\"application\/ld+json\" class=\"yoast-schema-graph\">{\"@context\":\"https:\\\/\\\/schema.org\",\"@graph\":[{\"@type\":\"WebPage\",\"@id\":\"https:\\\/\\\/avironlyon.com\\\/?page_id=2030\",\"url\":\"https:\\\/\\\/avironlyon.com\\\/?page_id=2030\",\"name\":\"Soutenez votre club : Le CALyon NEEDS YOU ! - AvironLyon\",\"isPartOf\":{\"@id\":\"https:\\\/\\\/avironlyon.com\\\/#website\"},\"datePublished\":\"2021-12-28T15:00:18+00:00\",\"breadcrumb\":{\"@id\":\"https:\\\/\\\/avironlyon.com\\\/?page_id=2030#breadcrumb\"},\"inLanguage\":\"fr-FR\",\"potentialAction\":[{\"@type\":\"ReadAction\",\"target\":[\"https:\\\/\\\/avironlyon.com\\\/?page_id=2030\"]}]},{\"@type\":\"BreadcrumbList\",\"@id\":\"https:\\\/\\\/avironlyon.com\\\/?page_id=2030#breadcrumb\",\"itemListElement\":[{\"@type\":\"ListItem\",\"position\":1,\"name\":\"Accueil\",\"item\":\"https:\\\/\\\/avironlyon.com\\\/\"},{\"@type\":\"ListItem\",\"position\":2,\"name\":\"Soutenez votre club : Le CALyon NEEDS YOU !\"}]},{\"@type\":\"WebSite\",\"@id\":\"https:\\\/\\\/avironlyon.com\\\/#website\",\"url\":\"https:\\\/\\\/avironlyon.com\\\/\",\"name\":\"AvironLyon\",\"description\":\"Cercle de l&#039;Aviron de Lyon 130 ans de performance sportive\",\"publisher\":{\"@id\":\"https:\\\/\\\/avironlyon.com\\\/#organization\"},\"potentialAction\":[{\"@type\":\"SearchAction\",\"target\":{\"@type\":\"EntryPoint\",\"urlTemplate\":\"https:\\\/\\\/avironlyon.com\\\/?s={search_term_string}\"},\"query-input\":{\"@type\":\"PropertyValueSpecification\",\"valueRequired\":true,\"valueName\":\"search_term_string\"}}],\"inLanguage\":\"fr-FR\"},{\"@type\":\"Organization\",\"@id\":\"https:\\\/\\\/avironlyon.com\\\/#organization\",\"name\":\"AvironLyon\",\"url\":\"https:\\\/\\\/avironlyon.com\\\/\",\"logo\":{\"@type\":\"ImageObject\",\"inLanguage\":\"fr-FR\",\"@id\":\"https:\\\/\\\/avironlyon.com\\\/#\\\/schema\\\/logo\\\/image\\\/\",\"url\":\"https:\\\/\\\/i0.wp.com\\\/avironlyon.com\\\/wp-content\\\/uploads\\\/2020\\\/12\\\/cropped-cropped-Cal-1.jpg?fit=225%2C225&ssl=1\",\"contentUrl\":\"https:\\\/\\\/i0.wp.com\\\/avironlyon.com\\\/wp-content\\\/uploads\\\/2020\\\/12\\\/cropped-cropped-Cal-1.jpg?fit=225%2C225&ssl=1\",\"width\":225,\"height\":225,\"caption\":\"AvironLyon\"},\"image\":{\"@id\":\"https:\\\/\\\/avironlyon.com\\\/#\\\/schema\\\/logo\\\/image\\\/\"},\"sameAs\":[\"https:\\\/\\\/www.facebook.com\\\/CercleAvironLyon\\\/?locale=fr_FR\",\"https:\\\/\\\/x.com\\\/CercleAvironL\",\"https:\\\/\\\/www.linkedin.com\\\/company\\\/72705689\\\/admin\\\/feed\\\/posts\\\/\",\"https:\\\/\\\/www.instagram.com\\\/cercle_aviron_lyon\\\/?hl=fr\",\"https:\\\/\\\/fr.wikipedia.org\\\/wiki\\\/Cercle_de_laviron_de_Lyon\"]}]}<\/script>\n<!-- \/ Yoast SEO plugin. -->","yoast_head_json":{"title":"Soutenez votre club : Le CALyon NEEDS YOU ! - AvironLyon","robots":{"index":"index","follow":"follow","max-snippet":"max-snippet:-1","max-image-preview":"max-image-preview:large","max-video-preview":"max-video-preview:-1"},"canonical":"https:\/\/avironlyon.com\/?page_id=2030","og_locale":"fr_FR","og_type":"article","og_title":"Soutenez votre club : Le CALyon NEEDS YOU ! - AvironLyon","og_description":"DEFISCALISEZ &amp; AIDEZ VOTRE CLUB ! L&rsquo;aviron est un sport [...]","og_url":"https:\/\/avironlyon.com\/?page_id=2030","og_site_name":"AvironLyon","article_publisher":"https:\/\/www.facebook.com\/CercleAvironLyon\/?locale=fr_FR","twitter_card":"summary_large_image","twitter_site":"@CercleAvironL","twitter_misc":{"Dur\u00e9e de lecture estim\u00e9e":"1 minute"},"schema":{"@context":"https:\/\/schema.org","@graph":[{"@type":"WebPage","@id":"https:\/\/avironlyon.com\/?page_id=2030","url":"https:\/\/avironlyon.com\/?page_id=2030","name":"Soutenez votre club : Le CALyon NEEDS YOU ! - AvironLyon","isPartOf":{"@id":"https:\/\/avironlyon.com\/#website"},"datePublished":"2021-12-28T15:00:18+00:00","breadcrumb":{"@id":"https:\/\/avironlyon.com\/?page_id=2030#breadcrumb"},"inLanguage":"fr-FR","potentialAction":[{"@type":"ReadAction","target":["https:\/\/avironlyon.com\/?page_id=2030"]}]},{"@type":"BreadcrumbList","@id":"https:\/\/avironlyon.com\/?page_id=2030#breadcrumb","itemListElement":[{"@type":"ListItem","position":1,"name":"Accueil","item":"https:\/\/avironlyon.com\/"},{"@type":"ListItem","position":2,"name":"Soutenez votre club : Le CALyon NEEDS YOU !"}]},{"@type":"WebSite","@id":"https:\/\/avironlyon.com\/#website","url":"https:\/\/avironlyon.com\/","name":"AvironLyon","description":"Cercle de l&#039;Aviron de Lyon 130 ans de performance sportive","publisher":{"@id":"https:\/\/avironlyon.com\/#organization"},"potentialAction":[{"@type":"SearchAction","target":{"@type":"EntryPoint","urlTemplate":"https:\/\/avironlyon.com\/?s={search_term_string}"},"query-input":{"@type":"PropertyValueSpecification","valueRequired":true,"valueName":"search_term_string"}}],"inLanguage":"fr-FR"},{"@type":"Organization","@id":"https:\/\/avironlyon.com\/#organization","name":"AvironLyon","url":"https:\/\/avironlyon.com\/","logo":{"@type":"ImageObject","inLanguage":"fr-FR","@id":"https:\/\/avironlyon.com\/#\/schema\/logo\/image\/","url":"https:\/\/i0.wp.com\/avironlyon.com\/wp-content\/uploads\/2020\/12\/cropped-cropped-Cal-1.jpg?fit=225%2C225&ssl=1","contentUrl":"https:\/\/i0.wp.com\/avironlyon.com\/wp-content\/uploads\/2020\/12\/cropped-cropped-Cal-1.jpg?fit=225%2C225&ssl=1","width":225,"height":225,"caption":"AvironLyon"},"image":{"@id":"https:\/\/avironlyon.com\/#\/schema\/logo\/image\/"},"sameAs":["https:\/\/www.facebook.com\/CercleAvironLyon\/?locale=fr_FR","https:\/\/x.com\/CercleAvironL","https:\/\/www.linkedin.com\/company\/72705689\/admin\/feed\/posts\/","https:\/\/www.instagram.com\/cercle_aviron_lyon\/?hl=fr","https:\/\/fr.wikipedia.org\/wiki\/Cercle_de_laviron_de_Lyon"]}]}},"jetpack_sharing_enabled":true,"_links":{"self":[{"href":"https:\/\/avironlyon.com\/index.php?rest_route=\/wp\/v2\/pages\/2030","targetHints":{"allow":["GET"]}}],"collection":[{"href":"https:\/\/avironlyon.com\/index.php?rest_route=\/wp\/v2\/pages"}],"about":[{"href":"https:\/\/avironlyon.com\/index.php?rest_route=\/wp\/v2\/types\/page"}],"author":[{"embeddable":true,"href":"https:\/\/avironlyon.com\/index.php?rest_route=\/wp\/v2\/users\/1"}],"replies":[{"embeddable":true,"href":"https:\/\/avironlyon.com\/index.php?rest_route=%2Fwp%2Fv2%2Fcomments&post=2030"}],"version-history":[{"count":3,"href":"https:\/\/avironlyon.com\/index.php?rest_route=\/wp\/v2\/pages\/2030\/revisions"}],"predecessor-version":[{"id":2034,"href":"https:\/\/avironlyon.com\/index.php?rest_route=\/wp\/v2\/pages\/2030\/revisions\/2034"}],"wp:attachment":[{"href":"https:\/\/avironlyon.com\/index.php?rest_route=%2Fwp%2Fv2%2Fmedia&parent=2030"}],"curies":[{"name":"wp","href":"https:\/\/api.w.org\/{rel}","templated":true}]}}