{"id":44,"date":"2020-12-11T13:30:45","date_gmt":"2020-12-11T13:30:45","guid":{"rendered":"http:\/\/avironlyon.com\/?page_id=44"},"modified":"2025-09-05T08:30:44","modified_gmt":"2025-09-05T08:30:44","slug":"formulaire-inscription-annee-2020-21","status":"publish","type":"page","link":"https:\/\/avironlyon.com\/?page_id=44","title":{"rendered":"Formulaire inscription ann\u00e9e 2025\/2026"},"content":{"rendered":"<p><div class=\"fusion-fullwidth fullwidth-box fusion-builder-row-1 fusion-flex-container nonhundred-percent-fullwidth non-hundred-percent-height-scrolling\" style=\"--awb-border-radius-top-left:0px;--awb-border-radius-top-right:0px;--awb-border-radius-bottom-right:0px;--awb-border-radius-bottom-left:0px;--awb-flex-wrap:wrap;\" ><div class=\"fusion-builder-row fusion-row fusion-flex-align-items-flex-start fusion-flex-content-wrap\" style=\"max-width:calc( 1200px + 0px );margin-left: calc(-0px \/ 2 );margin-right: calc(-0px \/ 2 );\"><div class=\"fusion-layout-column fusion_builder_column fusion-builder-column-0 fusion_builder_column_1_1 1_1 fusion-flex-column\" style=\"--awb-bg-blend:overlay;--awb-bg-size:cover;--awb-width-large:100%;--awb-margin-top-large:0px;--awb-spacing-right-large:0px;--awb-margin-bottom-large:0px;--awb-spacing-left-large:0px;--awb-width-medium:100%;--awb-spacing-right-medium:0px;--awb-spacing-left-medium:0px;--awb-width-small:100%;--awb-spacing-right-small:0px;--awb-spacing-left-small:0px;\"><div class=\"fusion-column-wrapper fusion-flex-justify-content-flex-start fusion-content-layout-column\"><div class=\"fusion-text fusion-text-1\"><\/p><\/p>\n<\/div><div class=\"fusion-text fusion-text-2\"><\/p>\n<p>Pour l\u2019inscription au club, il est n\u00e9cessaire de remplir la <b>fiche d\u2019inscription t\u00e9l\u00e9chargeable ci-dessous.<\/b><\/p>\n<p>Elle doit \u00eatre accompagn\u00e9e du r\u00e8glement<a href=\"https:\/\/avironlyon.com\/?page_id=132\" target=\"_blank\" rel=\"noopener\"><b> voir tarifs <\/b><\/a>payable en esp\u00e8ce, ch\u00e8que ou carte bancaire et d\u2019un certificat m\u00e9dical de non contre-indication \u00e0 la pratique de l\u2019aviron en comp\u00e9tition de moins d&rsquo;un an.\u00a0<\/p>\n<p>Pour le licenci\u00e9 qui avait une licence annuelle lors de la saison N-1 et qui souhaite la renouveler\u00a0<br \/>&#8211; La feuille d\u2019inscription ci-dessous compl\u00e9t\u00e9e<br \/>&#8211; L\u2019attestation questionnaire QS sport compl\u00e9t\u00e9e, si et seulement si toutes les r\u00e9ponses aux questions \u00ab QS-SPORT \u00bb sont<br \/>n\u00e9gatives. Le questionnaire de sant\u00e9 homologu\u00e9 \u00ab QS-SPORT \u00bb est disponible sous le forme d\u2019un formulaire <a href=\"https:\/\/www.formulaires.service-public.fr\/gf\/cerfa_15699_01.do\" target=\"_blank\" rel=\"noopener\">Cerfa<\/a><br \/>n\u00b015699*01.<br \/>&#8211; Dans le cas contraire, c\u2019est-\u00e0-dire en cas d\u2019une seule r\u00e9ponse positive aux questions \u00ab QS-SPORT \u00bb, Certificat m\u00e9dical obligatoire de<br \/>non contre-indication \u00e0 la pratique de l\u2019aviron ou de non contre-indication \u00e0 la pratique de l\u2019aviron en comp\u00e9tition<\/p>\n<p>Des <b>permanences pour les inscriptions<\/b> sont assur\u00e9es tous les <b>mercredi apr\u00e8s-midi de septembre pour les jeunes<\/b> et tous les <b>samedi matin jusqu\u2019\u00e0 fin octobre pour les adultes.<\/b><\/p>\n<p><span style=\"background-color: rgba(255, 255, 255, 0); color: var(--body_typography-color); font-family: var(--body_typography-font-family); font-size: var(--body_typography-font-size); font-style: var(--body_typography-font-style,normal); font-weight: var(--body_typography-font-weight); letter-spacing: var(--body_typography-letter-spacing);\">Les cotisations comprennent la licence f\u00e9d\u00e9rale et l\u2019adh\u00e9sion \u00e0 l\u2019association Cercle de l\u2019Aviron de Lyon. Elles sont valables pour une ann\u00e9e sportive (de septembre \u00e0 septembre). Pour les r\u00e9-adh\u00e9sions, la cotisation est due au 30 octobre, d\u00e9lais de rigueur. Les personnes qui n\u2019ont pas renouvel\u00e9 leur cotisation ne sont pas autoris\u00e9es \u00e0 pratiquer apr\u00e8s cette date. <\/span><\/p>\n<\/p><\/p>\n<\/div><\/div><\/div><\/div><\/div><div class=\"fusion-fullwidth fullwidth-box fusion-builder-row-2 fusion-flex-container nonhundred-percent-fullwidth non-hundred-percent-height-scrolling\" style=\"--awb-border-radius-top-left:0px;--awb-border-radius-top-right:0px;--awb-border-radius-bottom-right:0px;--awb-border-radius-bottom-left:0px;--awb-flex-wrap:wrap;\" ><div class=\"fusion-builder-row fusion-row fusion-flex-align-items-flex-start fusion-flex-content-wrap\" style=\"max-width:calc( 1200px + 0px );margin-left: calc(-0px \/ 2 );margin-right: calc(-0px \/ 2 );\"><div class=\"fusion-layout-column fusion_builder_column fusion-builder-column-1 fusion_builder_column_1_3 1_3 fusion-flex-column\" style=\"--awb-bg-size:cover;--awb-width-large:33.333333333333%;--awb-margin-top-large:0px;--awb-spacing-right-large:0px;--awb-margin-bottom-large:20px;--awb-spacing-left-large:0px;--awb-width-medium:33.333333333333%;--awb-order-medium:0;--awb-spacing-right-medium:0px;--awb-spacing-left-medium:0px;--awb-width-small:100%;--awb-order-small:0;--awb-spacing-right-small:0px;--awb-spacing-left-small:0px;\"><div class=\"fusion-column-wrapper fusion-column-has-shadow fusion-flex-justify-content-flex-start fusion-content-layout-column\"><div style=\"text-align:center;\"><a class=\"fusion-button button-flat fusion-button-default-size button-default fusion-button-default button-1 fusion-button-default-span fusion-button-default-type\" target=\"_self\" href=\"https:\/\/avironlyon.com\/wp-content\/uploads\/2025\/09\/FICHES-dinscription-CAL-2025-2026.pdf\"><span class=\"fusion-button-text awb-button__text awb-button__text--default\">FORMULAIRE D&rsquo;INSCRIPTION<\/span><\/a><\/div><\/div><\/div><div class=\"fusion-layout-column fusion_builder_column fusion-builder-column-2 fusion_builder_column_2_3 2_3 fusion-flex-column\" style=\"--awb-bg-size:cover;--awb-width-large:66.666666666667%;--awb-margin-top-large:0px;--awb-spacing-right-large:0px;--awb-margin-bottom-large:20px;--awb-spacing-left-large:0px;--awb-width-medium:66.666666666667%;--awb-order-medium:0;--awb-spacing-right-medium:0px;--awb-spacing-left-medium:0px;--awb-width-small:100%;--awb-order-small:0;--awb-spacing-right-small:0px;--awb-spacing-left-small:0px;\"><div class=\"fusion-column-wrapper fusion-column-has-shadow fusion-flex-justify-content-flex-start fusion-content-layout-column\"><div class=\"fusion-image-element \" style=\"--awb-caption-title-font-family:var(--h2_typography-font-family);--awb-caption-title-font-weight:var(--h2_typography-font-weight);--awb-caption-title-font-style:var(--h2_typography-font-style);--awb-caption-title-size:var(--h2_typography-font-size);--awb-caption-title-transform:var(--h2_typography-text-transform);--awb-caption-title-line-height:var(--h2_typography-line-height);--awb-caption-title-letter-spacing:var(--h2_typography-letter-spacing);\"><span class=\" fusion-imageframe imageframe-none imageframe-1 hover-type-none\"><img decoding=\"async\" width=\"1632\" height=\"1224\" title=\"Cercle aviron de Lyon stage jeunes\" src=\"https:\/\/i0.wp.com\/avironlyon.com\/wp-content\/uploads\/2021\/04\/Cercle-aviron-de-Lyon-stage-jeunes-.jpg?fit=1632%2C1224&ssl=1\" data-orig-src=\"https:\/\/avironlyon.com\/wp-content\/uploads\/2021\/04\/Cercle-aviron-de-Lyon-stage-jeunes-.jpg\" alt class=\"lazyload img-responsive wp-image-1212\" srcset=\"data:image\/svg+xml,%3Csvg%20xmlns%3D%27http%3A%2F%2Fwww.w3.org%2F2000%2Fsvg%27%20width%3D%271632%27%20height%3D%271224%27%20viewBox%3D%270%200%201632%201224%27%3E%3Crect%20width%3D%271632%27%20height%3D%271224%27%20fill-opacity%3D%220%22%2F%3E%3C%2Fsvg%3E\" data-srcset=\"https:\/\/i0.wp.com\/avironlyon.com\/wp-content\/uploads\/2021\/04\/Cercle-aviron-de-Lyon-stage-jeunes-.jpg?resize=200%2C150&amp;ssl=1 200w, https:\/\/i0.wp.com\/avironlyon.com\/wp-content\/uploads\/2021\/04\/Cercle-aviron-de-Lyon-stage-jeunes-.jpg?resize=300%2C225&amp;ssl=1 300w, https:\/\/i0.wp.com\/avironlyon.com\/wp-content\/uploads\/2021\/04\/Cercle-aviron-de-Lyon-stage-jeunes-.jpg?resize=400%2C300&amp;ssl=1 400w, https:\/\/i0.wp.com\/avironlyon.com\/wp-content\/uploads\/2021\/04\/Cercle-aviron-de-Lyon-stage-jeunes-.jpg?resize=600%2C450&amp;ssl=1 600w, https:\/\/i0.wp.com\/avironlyon.com\/wp-content\/uploads\/2021\/04\/Cercle-aviron-de-Lyon-stage-jeunes-.jpg?resize=768%2C576&amp;ssl=1 768w, https:\/\/i0.wp.com\/avironlyon.com\/wp-content\/uploads\/2021\/04\/Cercle-aviron-de-Lyon-stage-jeunes-.jpg?resize=800%2C600&amp;ssl=1 800w, https:\/\/i0.wp.com\/avironlyon.com\/wp-content\/uploads\/2021\/04\/Cercle-aviron-de-Lyon-stage-jeunes-.jpg?resize=1024%2C768&amp;ssl=1 1024w, https:\/\/i0.wp.com\/avironlyon.com\/wp-content\/uploads\/2021\/04\/Cercle-aviron-de-Lyon-stage-jeunes-.jpg?resize=1200%2C900&amp;ssl=1 1200w, https:\/\/i0.wp.com\/avironlyon.com\/wp-content\/uploads\/2021\/04\/Cercle-aviron-de-Lyon-stage-jeunes-.jpg?resize=1536%2C1152&amp;ssl=1 1536w, https:\/\/i0.wp.com\/avironlyon.com\/wp-content\/uploads\/2021\/04\/Cercle-aviron-de-Lyon-stage-jeunes-.jpg?fit=1632%2C1224&amp;ssl=1 1632w\" data-sizes=\"auto\" data-orig-sizes=\"(max-width: 640px) 100vw, 1200px\" \/><\/span><\/div><\/div><\/div><\/div><\/div><\/p>","protected":false},"excerpt":{"rendered":"","protected":false},"author":1,"featured_media":0,"parent":0,"menu_order":0,"comment_status":"closed","ping_status":"closed","template":"","meta":{"footnotes":""},"class_list":["post-44","page","type-page","status-publish","hentry"],"yoast_head":"<!-- This site is optimized with the Yoast SEO plugin v27.3 - https:\/\/yoast.com\/product\/yoast-seo-wordpress\/ -->\n<title>Formulaire inscription ann\u00e9e 2025\/2026 - AvironLyon<\/title>\n<meta name=\"robots\" content=\"index, follow, max-snippet:-1, max-image-preview:large, max-video-preview:-1\" \/>\n<link rel=\"canonical\" href=\"https:\/\/avironlyon.com\/?page_id=44\" \/>\n<meta property=\"og:locale\" content=\"fr_FR\" \/>\n<meta property=\"og:type\" content=\"article\" \/>\n<meta property=\"og:title\" content=\"Formulaire inscription ann\u00e9e 2025\/2026 - AvironLyon\" \/>\n<meta property=\"og:url\" content=\"https:\/\/avironlyon.com\/?page_id=44\" \/>\n<meta property=\"og:site_name\" content=\"AvironLyon\" \/>\n<meta property=\"article:publisher\" content=\"https:\/\/www.facebook.com\/CercleAvironLyon\/?locale=fr_FR\" \/>\n<meta property=\"article:modified_time\" content=\"2025-09-05T08:30:44+00:00\" \/>\n<meta name=\"twitter:card\" content=\"summary_large_image\" \/>\n<meta name=\"twitter:site\" content=\"@CercleAvironL\" \/>\n<meta name=\"twitter:label1\" content=\"Dur\u00e9e de lecture estim\u00e9e\" \/>\n\t<meta name=\"twitter:data1\" content=\"2 minutes\" \/>\n<script type=\"application\/ld+json\" class=\"yoast-schema-graph\">{\"@context\":\"https:\\\/\\\/schema.org\",\"@graph\":[{\"@type\":\"WebPage\",\"@id\":\"https:\\\/\\\/avironlyon.com\\\/?page_id=44\",\"url\":\"https:\\\/\\\/avironlyon.com\\\/?page_id=44\",\"name\":\"Formulaire inscription ann\u00e9e 2025\\\/2026 - AvironLyon\",\"isPartOf\":{\"@id\":\"https:\\\/\\\/avironlyon.com\\\/#website\"},\"datePublished\":\"2020-12-11T13:30:45+00:00\",\"dateModified\":\"2025-09-05T08:30:44+00:00\",\"breadcrumb\":{\"@id\":\"https:\\\/\\\/avironlyon.com\\\/?page_id=44#breadcrumb\"},\"inLanguage\":\"fr-FR\",\"potentialAction\":[{\"@type\":\"ReadAction\",\"target\":[\"https:\\\/\\\/avironlyon.com\\\/?page_id=44\"]}]},{\"@type\":\"BreadcrumbList\",\"@id\":\"https:\\\/\\\/avironlyon.com\\\/?page_id=44#breadcrumb\",\"itemListElement\":[{\"@type\":\"ListItem\",\"position\":1,\"name\":\"Accueil\",\"item\":\"https:\\\/\\\/avironlyon.com\\\/\"},{\"@type\":\"ListItem\",\"position\":2,\"name\":\"Formulaire inscription ann\u00e9e 2025\\\/2026\"}]},{\"@type\":\"WebSite\",\"@id\":\"https:\\\/\\\/avironlyon.com\\\/#website\",\"url\":\"https:\\\/\\\/avironlyon.com\\\/\",\"name\":\"AvironLyon\",\"description\":\"Cercle de l&#039;Aviron de Lyon 130 ans de performance sportive\",\"publisher\":{\"@id\":\"https:\\\/\\\/avironlyon.com\\\/#organization\"},\"potentialAction\":[{\"@type\":\"SearchAction\",\"target\":{\"@type\":\"EntryPoint\",\"urlTemplate\":\"https:\\\/\\\/avironlyon.com\\\/?s={search_term_string}\"},\"query-input\":{\"@type\":\"PropertyValueSpecification\",\"valueRequired\":true,\"valueName\":\"search_term_string\"}}],\"inLanguage\":\"fr-FR\"},{\"@type\":\"Organization\",\"@id\":\"https:\\\/\\\/avironlyon.com\\\/#organization\",\"name\":\"AvironLyon\",\"url\":\"https:\\\/\\\/avironlyon.com\\\/\",\"logo\":{\"@type\":\"ImageObject\",\"inLanguage\":\"fr-FR\",\"@id\":\"https:\\\/\\\/avironlyon.com\\\/#\\\/schema\\\/logo\\\/image\\\/\",\"url\":\"https:\\\/\\\/i0.wp.com\\\/avironlyon.com\\\/wp-content\\\/uploads\\\/2020\\\/12\\\/cropped-cropped-Cal-1.jpg?fit=225%2C225&ssl=1\",\"contentUrl\":\"https:\\\/\\\/i0.wp.com\\\/avironlyon.com\\\/wp-content\\\/uploads\\\/2020\\\/12\\\/cropped-cropped-Cal-1.jpg?fit=225%2C225&ssl=1\",\"width\":225,\"height\":225,\"caption\":\"AvironLyon\"},\"image\":{\"@id\":\"https:\\\/\\\/avironlyon.com\\\/#\\\/schema\\\/logo\\\/image\\\/\"},\"sameAs\":[\"https:\\\/\\\/www.facebook.com\\\/CercleAvironLyon\\\/?locale=fr_FR\",\"https:\\\/\\\/x.com\\\/CercleAvironL\",\"https:\\\/\\\/www.linkedin.com\\\/company\\\/72705689\\\/admin\\\/feed\\\/posts\\\/\",\"https:\\\/\\\/www.instagram.com\\\/cercle_aviron_lyon\\\/?hl=fr\",\"https:\\\/\\\/fr.wikipedia.org\\\/wiki\\\/Cercle_de_laviron_de_Lyon\"]}]}<\/script>\n<!-- \/ Yoast SEO plugin. -->","yoast_head_json":{"title":"Formulaire inscription ann\u00e9e 2025\/2026 - AvironLyon","robots":{"index":"index","follow":"follow","max-snippet":"max-snippet:-1","max-image-preview":"max-image-preview:large","max-video-preview":"max-video-preview:-1"},"canonical":"https:\/\/avironlyon.com\/?page_id=44","og_locale":"fr_FR","og_type":"article","og_title":"Formulaire inscription ann\u00e9e 2025\/2026 - AvironLyon","og_url":"https:\/\/avironlyon.com\/?page_id=44","og_site_name":"AvironLyon","article_publisher":"https:\/\/www.facebook.com\/CercleAvironLyon\/?locale=fr_FR","article_modified_time":"2025-09-05T08:30:44+00:00","twitter_card":"summary_large_image","twitter_site":"@CercleAvironL","twitter_misc":{"Dur\u00e9e de lecture estim\u00e9e":"2 minutes"},"schema":{"@context":"https:\/\/schema.org","@graph":[{"@type":"WebPage","@id":"https:\/\/avironlyon.com\/?page_id=44","url":"https:\/\/avironlyon.com\/?page_id=44","name":"Formulaire inscription ann\u00e9e 2025\/2026 - AvironLyon","isPartOf":{"@id":"https:\/\/avironlyon.com\/#website"},"datePublished":"2020-12-11T13:30:45+00:00","dateModified":"2025-09-05T08:30:44+00:00","breadcrumb":{"@id":"https:\/\/avironlyon.com\/?page_id=44#breadcrumb"},"inLanguage":"fr-FR","potentialAction":[{"@type":"ReadAction","target":["https:\/\/avironlyon.com\/?page_id=44"]}]},{"@type":"BreadcrumbList","@id":"https:\/\/avironlyon.com\/?page_id=44#breadcrumb","itemListElement":[{"@type":"ListItem","position":1,"name":"Accueil","item":"https:\/\/avironlyon.com\/"},{"@type":"ListItem","position":2,"name":"Formulaire inscription ann\u00e9e 2025\/2026"}]},{"@type":"WebSite","@id":"https:\/\/avironlyon.com\/#website","url":"https:\/\/avironlyon.com\/","name":"AvironLyon","description":"Cercle de l&#039;Aviron de Lyon 130 ans de performance sportive","publisher":{"@id":"https:\/\/avironlyon.com\/#organization"},"potentialAction":[{"@type":"SearchAction","target":{"@type":"EntryPoint","urlTemplate":"https:\/\/avironlyon.com\/?s={search_term_string}"},"query-input":{"@type":"PropertyValueSpecification","valueRequired":true,"valueName":"search_term_string"}}],"inLanguage":"fr-FR"},{"@type":"Organization","@id":"https:\/\/avironlyon.com\/#organization","name":"AvironLyon","url":"https:\/\/avironlyon.com\/","logo":{"@type":"ImageObject","inLanguage":"fr-FR","@id":"https:\/\/avironlyon.com\/#\/schema\/logo\/image\/","url":"https:\/\/i0.wp.com\/avironlyon.com\/wp-content\/uploads\/2020\/12\/cropped-cropped-Cal-1.jpg?fit=225%2C225&ssl=1","contentUrl":"https:\/\/i0.wp.com\/avironlyon.com\/wp-content\/uploads\/2020\/12\/cropped-cropped-Cal-1.jpg?fit=225%2C225&ssl=1","width":225,"height":225,"caption":"AvironLyon"},"image":{"@id":"https:\/\/avironlyon.com\/#\/schema\/logo\/image\/"},"sameAs":["https:\/\/www.facebook.com\/CercleAvironLyon\/?locale=fr_FR","https:\/\/x.com\/CercleAvironL","https:\/\/www.linkedin.com\/company\/72705689\/admin\/feed\/posts\/","https:\/\/www.instagram.com\/cercle_aviron_lyon\/?hl=fr","https:\/\/fr.wikipedia.org\/wiki\/Cercle_de_laviron_de_Lyon"]}]}},"jetpack_sharing_enabled":true,"_links":{"self":[{"href":"https:\/\/avironlyon.com\/index.php?rest_route=\/wp\/v2\/pages\/44","targetHints":{"allow":["GET"]}}],"collection":[{"href":"https:\/\/avironlyon.com\/index.php?rest_route=\/wp\/v2\/pages"}],"about":[{"href":"https:\/\/avironlyon.com\/index.php?rest_route=\/wp\/v2\/types\/page"}],"author":[{"embeddable":true,"href":"https:\/\/avironlyon.com\/index.php?rest_route=\/wp\/v2\/users\/1"}],"replies":[{"embeddable":true,"href":"https:\/\/avironlyon.com\/index.php?rest_route=%2Fwp%2Fv2%2Fcomments&post=44"}],"version-history":[{"count":45,"href":"https:\/\/avironlyon.com\/index.php?rest_route=\/wp\/v2\/pages\/44\/revisions"}],"predecessor-version":[{"id":4041,"href":"https:\/\/avironlyon.com\/index.php?rest_route=\/wp\/v2\/pages\/44\/revisions\/4041"}],"wp:attachment":[{"href":"https:\/\/avironlyon.com\/index.php?rest_route=%2Fwp%2Fv2%2Fmedia&parent=44"}],"curies":[{"name":"wp","href":"https:\/\/api.w.org\/{rel}","templated":true}]}}